{"id":34,"date":"2018-11-29T13:26:24","date_gmt":"2018-11-29T13:26:24","guid":{"rendered":"http:\/\/radreisen-eggert.de\/?page_id=34"},"modified":"2019-06-20T15:28:22","modified_gmt":"2019-06-20T15:28:22","slug":"reisen-ohne-rad","status":"publish","type":"page","link":"http:\/\/radreisen-eggert.de\/?page_id=34","title":{"rendered":"Flugreisen"},"content":{"rendered":"<p>M\u00e4rz18 Portugal &#8211; Algarve &#8211; Wanderurlaub<\/p>\n<p>Jan.17 &#8211; Spanien &#8211; Gran Canaria &#8211; Wanderurlaub<\/p>\n<p>Dez.17 Spanien &#8211; Teneriffa &#8211; Wanderurlaub<\/p>\n<p>Okt.15 T\u00fcrkei &#8211;\u00a0 \u00a0s\u00fcdliche \u00c4g\u00e4is, Sarigerme &#8211; Club Magic Life<br \/>\nDez.14 La Palma &#8211;\u00a0 \u00a0Puntagorda im NordWesten &#8211; Puerto Naos S\u00fcdW<br \/>\nDez.13 Madeira &#8211;\u00a0 \u00a0Funchal &#8211; Hotel Golden Residence<br \/>\nOkt.12 T\u00fcrkei &#8211;\u00a0 s\u00fcdliche \u00c4g\u00e4is, Kiris &#8211; Club Magic Life<br \/>\nM\u00e4r.12 Thailand &#8211; Ko Lanta &#8211; Krabi &#8211; Khao Sok &#8211; Ban Krut &#8211;<br \/>\nHat Thung Wua Laen &#8211; Ratchaburi &#8211; Bangkok<br \/>\nDez.11 Madeira &#8211; Funchal<br \/>\nNov.10 Dom Rep &#8211; Punta Cana Princess<br \/>\nM\u00e4r.10 Thailand &#8211; KhaoLak &#8211; Surin &#8211; KhaoSok &#8211; Krabi\u00a0 &#8211; Ko Yao Yai &#8211; Phuket<br \/>\nOkt.09 T\u00fcrkei &#8211;\u00a0 s\u00fcdliche \u00c4g\u00e4is &#8211; WOW Bodrum Resort<br \/>\nNov.08 \u00c4gypten &#8211; Rotes Meer &#8211; Westseite &#8211; Azur Beach<br \/>\nNov.07 T\u00fcrkei &#8211;\u00a0 s\u00fcdliche \u00c4g\u00e4is &#8211; MagicLife Kemer<br \/>\nOkt.06 T\u00fcrkei &#8211;\u00a0 s\u00fcdliche \u00c4g\u00e4is &#8211; MagicLife Marmaris<br \/>\nOkt.05 Bulgarien &#8211; Schwarzes Meer &#8211; MagicLife Duni<br \/>\nOkt.04 T\u00fcrkei &#8211;\u00a0 s\u00fcdliche \u00c4g\u00e4is &#8211; MagicLife Marmaris<br \/>\nOkt.03 La Gomera &#8211; Valle Gran Ray<br \/>\nOkt.02 T\u00fcrkei &#8211; s\u00fcdliche \u00c4g\u00e4is &#8211; MagicLife Marmaris<br \/>\nOkt.01 \u00c4gypten &#8211; Rotes Meer &#8211; Westseite- Azur Beach<br \/>\nOkt.00 Teneriffa &#8211; Puerto de la Cruz<br \/>\nOkt.99 Griechenland &#8211; Samos &#8211; S\u00fcdk\u00fcste<\/p>\n","protected":false},"excerpt":{"rendered":"<p>M\u00e4rz18 Portugal &#8211; Algarve &#8211; Wanderurlaub Jan.17 &#8211; Spanien &#8211; Gran Canaria &#8211; Wanderurlaub Dez.17 Spanien &#8211; Teneriffa &#8211; Wanderurlaub Okt.15 T\u00fcrkei &#8211;\u00a0 \u00a0s\u00fcdliche \u00c4g\u00e4is, Sarigerme &#8211; Club Magic Life Dez.14 La Palma &#8211;\u00a0 \u00a0Puntagorda im NordWesten &#8211; Puerto Naos S\u00fcdW Dez.13 Madeira &#8211;\u00a0 \u00a0Funchal &#8211; Hotel Golden Residence Okt.12 T\u00fcrkei &#8211;\u00a0 s\u00fcdliche \u00c4g\u00e4is, Kiris &#8211; Club Magic Life M\u00e4r.12 Thailand &#8211; Ko Lanta &#8211; Krabi &#8211; Khao Sok &#8211; Ban Krut &#8211; Hat Thung [&hellip;]<\/p>\n","protected":false},"author":1,"featured_media":0,"parent":0,"menu_order":0,"comment_status":"closed","ping_status":"closed","template":"","meta":{"footnotes":""},"class_list":["post-34","page","type-page","status-publish","hentry"],"_links":{"self":[{"href":"http:\/\/radreisen-eggert.de\/index.php?rest_route=\/wp\/v2\/pages\/34","targetHints":{"allow":["GET"]}}],"collection":[{"href":"http:\/\/radreisen-eggert.de\/index.php?rest_route=\/wp\/v2\/pages"}],"about":[{"href":"http:\/\/radreisen-eggert.de\/index.php?rest_route=\/wp\/v2\/types\/page"}],"author":[{"embeddable":true,"href":"http:\/\/radreisen-eggert.de\/index.php?rest_route=\/wp\/v2\/users\/1"}],"replies":[{"embeddable":true,"href":"http:\/\/radreisen-eggert.de\/index.php?rest_route=%2Fwp%2Fv2%2Fcomments&post=34"}],"version-history":[{"count":10,"href":"http:\/\/radreisen-eggert.de\/index.php?rest_route=\/wp\/v2\/pages\/34\/revisions"}],"predecessor-version":[{"id":150,"href":"http:\/\/radreisen-eggert.de\/index.php?rest_route=\/wp\/v2\/pages\/34\/revisions\/150"}],"wp:attachment":[{"href":"http:\/\/radreisen-eggert.de\/index.php?rest_route=%2Fwp%2Fv2%2Fmedia&parent=34"}],"curies":[{"name":"wp","href":"https:\/\/api.w.org\/{rel}","templated":true}]}}