{"id":93,"date":"2018-11-29T15:40:12","date_gmt":"2018-11-29T15:40:12","guid":{"rendered":"http:\/\/radreisen-eggert.de\/?page_id=93"},"modified":"2019-06-20T15:26:17","modified_gmt":"2019-06-20T15:26:17","slug":"campingreisen","status":"publish","type":"page","link":"http:\/\/radreisen-eggert.de\/?page_id=93","title":{"rendered":"Campingreisen"},"content":{"rendered":"\n<table class=\"wp-block-table\"><tbody><tr><td> Aug.18 \u00d6sterreich &#8211; Vorarlberg &#8211; Bludenz &#8211; Wandern\/Klettern\/MTB <\/td><\/tr><tr><td>Aug.17 Deutschland &#8211; Oberstdorf -Wandern<\/td><\/tr><tr><td>Juli 16 \u00d6sterreich &#8211; Tirol  &#8211; Wandern\/Klettern\/MTB <\/td><\/tr><\/tbody><\/table>\n\n\n<table border=\"1\">\n<tbody>\n<tr>\n<td height=\"41\"><span class=\"auto-style2\"> Aug.<span class=\"auto-style3\">14<\/span> \u00d6sterreich<\/span> &#8211; \u00d6tztal &#8211; L\u00e4ngenfeld &#8211; Wandern\/Klettern\/MTB<\/td>\n<\/tr>\n<tr>\n<td height=\"41\"><span class=\"auto-style3\">Aug.13 Deutschland<\/span> &#8211; Schwarzwald &#8211; Sch\u00f6nau &#8211; Wandern \/ MTB<\/td>\n<\/tr>\n<tr>\n<td height=\"41\"><span class=\"auto-style3\">Aug.13 Deutschland<\/span> &#8211; <span class=\"auto-style1\">Magdeburg &#8211; Fl\u00e4ming &#8211; Wasserski\/Skaten \/ Radeln<br><\/span><\/td>\n<\/tr>\n<tr>\n<td height=\"41\"><span class=\"auto-style2\"> Aug.12 \u00d6sterreich<\/span> &#8211; <span class=\"auto-style1\">Vorarlberg &#8211; Bludenz &#8211; Wandern\/Klettern\/MTB<br><\/span><\/td>\n<\/tr>\n<tr>\n<td height=\"41\"><span class=\"auto-style2\"> Jun.<span class=\"auto-style3\">11<\/span> \u00d6sterreich <\/span>&#8211; Stubaital &#8211; Zugspitze &#8211; Wandern\/Klettern\/MTB<\/td>\n<\/tr>\n<tr>\n<td height=\"41\"><span class=\"auto-style3\">Aug.11 Deutschland<\/span> &#8211; <span class=\"auto-style1\">Magdeburg &#8211; Fl\u00e4ming &#8211; Wasserski\/Skaten \/ Paddeln<br><\/span><\/td>\n<\/tr>\n<tr>\n<td height=\"41\"><span class=\"auto-style2\"> Aug.10 \u00d6sterreich <\/span>&#8211; Zugspitze &#8211; Wandern\/Klettern\/MTB<\/td>\n<\/tr>\n<tr>\n<td height=\"41\"><span class=\"auto-style3\">Apr.09 Deutschland<\/span> &#8211; <span class=\"auto-style1\">Magdeburg &#8211; Fl\u00e4ming &#8211; Wasserski\/Skaten\/ MTB\/ Paddeln<br><\/span><\/td>\n<\/tr>\n<tr>\n<td height=\"41\">Jul.08 Schweiz &#8211; Berner Oberland &#8211; Wandern\/Klettern\/MTB\/ Paddeln<\/td>\n<\/tr>\n<tr>\n<td height=\"41\"><span class=\"auto-style2\"> <span class=\"auto-style3\">Jul<\/span>.0<span class=\"auto-style3\">7<\/span> Schweiz<\/span> &#8211; Bodensee &#8211; Engelberg &#8211; Wandern \/Klettern\/ MTB\/ Paddeln<\/td>\n<\/tr>\n<tr>\n<td height=\"41\"><span class=\"auto-style3\">Aug.07 Deutschland<\/span> &#8211; <span class=\"auto-style1\">Magdeburg &#8211; Fl\u00e4ming &#8211; Wasserski\/Skaten\/MTB\/ Paddeln<br><\/span><\/td>\n<\/tr>\n<tr>\n<td height=\"42\"><span class=\"auto-style2\"> Aug.0<span class=\"auto-style3\">6<\/span> Schweiz<\/span> &#8211; <span class=\"auto-style1\">Vierwaldst\u00e4dter See &#8211; Wandern \/ MTB\/ Paddeln<br><\/span><\/td>\n<\/tr>\n<tr>\n<td height=\"42\"><span class=\"auto-style3\">AUG.05 Deutschland<\/span> &#8211; <span class=\"auto-style1\">Magdeburg &#8211; Fl\u00e4ming &#8211; Radfahren\/ Skaten\/ Paddeln<br><\/span><\/td>\n<\/tr>\n<tr>\n<td height=\"41\"><span class=\"auto-style3\">Aug.04 Deutschland<\/span> &#8211; <span class=\"auto-style1\">Eifel &#8211; Saarland<\/span><\/td>\n<\/tr>\n<tr>\n<td class=\"auto-style1\" height=\"42\">Aug.03 <span class=\"auto-style2\">\u00d6sterreich<\/span> &#8211; <span class=\"auto-style1\">Tirol &#8211; Reutte &#8211; Wandern \/ MTB\/ Paddeln<br><\/span><\/td>\n<\/tr>\n<\/tbody>\n<\/table>","protected":false},"excerpt":{"rendered":"<p>Aug.18 \u00d6sterreich &#8211; Vorarlberg &#8211; Bludenz &#8211; Wandern\/Klettern\/MTB Aug.17 Deutschland &#8211; Oberstdorf -Wandern Juli 16 \u00d6sterreich &#8211; Tirol &#8211; Wandern\/Klettern\/MTB Aug.14 \u00d6sterreich &#8211; \u00d6tztal &#8211; L\u00e4ngenfeld &#8211; Wandern\/Klettern\/MTB Aug.13 Deutschland &#8211; Schwarzwald &#8211; Sch\u00f6nau &#8211; Wandern \/ MTB Aug.13 Deutschland &#8211; Magdeburg &#8211; Fl\u00e4ming &#8211; Wasserski\/Skaten \/ Radeln Aug.12 \u00d6sterreich &#8211; Vorarlberg &#8211; Bludenz &#8211; Wandern\/Klettern\/MTB Jun.11 \u00d6sterreich &#8211; Stubaital &#8211; Zugspitze &#8211; Wandern\/Klettern\/MTB Aug.11 Deutschland &#8211; Magdeburg &#8211; Fl\u00e4ming &#8211; Wasserski\/Skaten \/ Paddeln Aug.10 [&hellip;]<\/p>\n","protected":false},"author":1,"featured_media":0,"parent":0,"menu_order":0,"comment_status":"closed","ping_status":"closed","template":"","meta":{"footnotes":""},"class_list":["post-93","page","type-page","status-publish","hentry"],"_links":{"self":[{"href":"http:\/\/radreisen-eggert.de\/index.php?rest_route=\/wp\/v2\/pages\/93","targetHints":{"allow":["GET"]}}],"collection":[{"href":"http:\/\/radreisen-eggert.de\/index.php?rest_route=\/wp\/v2\/pages"}],"about":[{"href":"http:\/\/radreisen-eggert.de\/index.php?rest_route=\/wp\/v2\/types\/page"}],"author":[{"embeddable":true,"href":"http:\/\/radreisen-eggert.de\/index.php?rest_route=\/wp\/v2\/users\/1"}],"replies":[{"embeddable":true,"href":"http:\/\/radreisen-eggert.de\/index.php?rest_route=%2Fwp%2Fv2%2Fcomments&post=93"}],"version-history":[{"count":5,"href":"http:\/\/radreisen-eggert.de\/index.php?rest_route=\/wp\/v2\/pages\/93\/revisions"}],"predecessor-version":[{"id":147,"href":"http:\/\/radreisen-eggert.de\/index.php?rest_route=\/wp\/v2\/pages\/93\/revisions\/147"}],"wp:attachment":[{"href":"http:\/\/radreisen-eggert.de\/index.php?rest_route=%2Fwp%2Fv2%2Fmedia&parent=93"}],"curies":[{"name":"wp","href":"https:\/\/api.w.org\/{rel}","templated":true}]}}